{"id":14587,"date":"2025-11-26T13:53:24","date_gmt":"2025-11-26T13:53:24","guid":{"rendered":"https:\/\/youbehome.com\/?page_id=14587"},"modified":"2025-11-26T14:45:45","modified_gmt":"2025-11-26T14:45:45","slug":"all-reviews","status":"publish","type":"page","link":"https:\/\/youbehome.com\/es\/all-reviews\/","title":{"rendered":"Todos los comentarios"},"content":{"rendered":"<div data-elementor-type=\"wp-page\" data-elementor-id=\"14587\" class=\"elementor elementor-14587\" data-elementor-post-type=\"page\">\n\t\t\t\t<div class=\"elementor-element elementor-element-a1b7f77 e-flex e-con-boxed e-con e-parent\" data-id=\"a1b7f77\" data-element_type=\"container\">\n\t\t\t\t\t<div class=\"e-con-inner\">\n\t\t\t\t<div class=\"elementor-element elementor-element-f030be0 elementor-widget elementor-widget-jet-listing-grid\" data-id=\"f030be0\" data-element_type=\"widget\" data-settings=\"{&quot;columns&quot;:&quot;1&quot;}\" data-widget_type=\"jet-listing-grid.default\">\n\t\t\t\t<div class=\"elementor-widget-container\">\n\t\t\t\t\t<div class=\"jet-listing-grid jet-listing\"><div class=\"jet-listing-grid__items grid-col-desk-1 grid-col-tablet-1 grid-col-mobile-1 jet-listing-grid--14583\" data-queried-id=\"14587|WP_Post\" data-nav=\"{&quot;enabled&quot;:false,&quot;type&quot;:null,&quot;more_el&quot;:null,&quot;query&quot;:[],&quot;widget_settings&quot;:{&quot;lisitng_id&quot;:14583,&quot;posts_num&quot;:10,&quot;columns&quot;:1,&quot;columns_tablet&quot;:1,&quot;columns_mobile&quot;:1,&quot;is_archive_template&quot;:&quot;&quot;,&quot;post_status&quot;:[&quot;publish&quot;],&quot;use_random_posts_num&quot;:&quot;&quot;,&quot;max_posts_num&quot;:9,&quot;not_found_message&quot;:&quot;No data was found&quot;,&quot;is_masonry&quot;:false,&quot;equal_columns_height&quot;:&quot;&quot;,&quot;use_load_more&quot;:&quot;&quot;,&quot;load_more_id&quot;:&quot;&quot;,&quot;load_more_type&quot;:&quot;click&quot;,&quot;load_more_offset&quot;:{&quot;unit&quot;:&quot;px&quot;,&quot;size&quot;:0,&quot;sizes&quot;:[]},&quot;use_custom_post_types&quot;:&quot;&quot;,&quot;custom_post_types&quot;:[],&quot;hide_widget_if&quot;:&quot;&quot;,&quot;carousel_enabled&quot;:&quot;&quot;,&quot;slides_to_scroll&quot;:&quot;1&quot;,&quot;arrows&quot;:&quot;true&quot;,&quot;arrow_icon&quot;:&quot;fa fa-angle-left&quot;,&quot;dots&quot;:&quot;&quot;,&quot;autoplay&quot;:&quot;true&quot;,&quot;pause_on_hover&quot;:&quot;true&quot;,&quot;autoplay_speed&quot;:5000,&quot;infinite&quot;:&quot;true&quot;,&quot;center_mode&quot;:&quot;&quot;,&quot;effect&quot;:&quot;slide&quot;,&quot;speed&quot;:500,&quot;inject_alternative_items&quot;:&quot;&quot;,&quot;injection_items&quot;:[],&quot;scroll_slider_enabled&quot;:&quot;&quot;,&quot;scroll_slider_on&quot;:[&quot;desktop&quot;,&quot;tablet&quot;,&quot;mobile&quot;],&quot;custom_query&quot;:false,&quot;custom_query_id&quot;:&quot;&quot;,&quot;_element_id&quot;:&quot;&quot;,&quot;collapse_first_last_gap&quot;:false,&quot;list_items_wrapper_tag&quot;:&quot;div&quot;,&quot;list_item_tag&quot;:&quot;div&quot;,&quot;empty_items_wrapper_tag&quot;:&quot;div&quot;}}\" data-page=\"1\" data-pages=\"1\" data-listing-source=\"posts\" data-listing-id=\"14583\" data-query-id=\"\"><div class=\"jet-listing-grid__item jet-listing-dynamic-post-15524\" data-post-id=\"15524\" >\t\t<div data-elementor-type=\"jet-listing-items\" data-elementor-id=\"14583\" class=\"elementor elementor-14583\" data-elementor-post-type=\"jet-engine\">\n\t\t\t\t<div class=\"elementor-element elementor-element-6f3930a e-flex e-con-boxed e-con e-parent\" data-id=\"6f3930a\" data-element_type=\"container\" data-settings=\"{&quot;background_background&quot;:&quot;classic&quot;}\">\n\t\t\t\t\t<div class=\"e-con-inner\">\n\t\t\t\t<div class=\"elementor-element elementor-element-a6314b3 elementor-widget elementor-widget-jet-listing-dynamic-field\" data-id=\"a6314b3\" data-element_type=\"widget\" data-widget_type=\"jet-listing-dynamic-field.default\">\n\t\t\t\t<div class=\"elementor-widget-container\">\n\t\t\t\t\t<div class=\"jet-listing jet-listing-dynamic-field display-inline\"><div class=\"jet-listing-dynamic-field__inline-wrap\"><h4 class=\"jet-listing-dynamic-field__content\">Valeri<\/h4><\/div><\/div>\t\t\t\t<\/div>\n\t\t\t\t<\/div>\n\t\t\t\t<div class=\"elementor-element elementor-element-5eeab71 elementor-widget elementor-widget-jet-listing-dynamic-field\" data-id=\"5eeab71\" data-element_type=\"widget\" data-widget_type=\"jet-listing-dynamic-field.default\">\n\t\t\t\t<div class=\"elementor-widget-container\">\n\t\t\t\t\t<div class=\"jet-listing jet-listing-dynamic-field display-inline\"><div class=\"jet-listing-dynamic-field__inline-wrap\"><div class=\"jet-listing-dynamic-field__icon is-svg-icon\"><svg class=\"e-font-icon-svg e-far-envelope\" aria-hidden=\"true\" viewbox=\"0 0 512 512\" xmlns=\"http:\/\/www.w3.org\/2000\/svg\"><path d=\"M464 64H48C21.49 64 0 85.49 0 112v288c0 26.51 21.49 48 48 48h416c26.51 0 48-21.49 48-48V112c0-26.51-21.49-48-48-48zm0 48v40.805c-22.422 18.259-58.168 46.651-134.587 106.49-16.841 13.247-50.201 45.072-73.413 44.701-23.208.375-56.579-31.459-73.413-44.701C106.18 199.465 70.425 171.067 48 152.805V112h416zM48 400V214.398c22.914 18.251 55.409 43.862 104.938 82.646 21.857 17.205 60.134 55.186 103.062 54.955 42.717.231 80.509-37.199 103.053-54.947 49.528-38.783 82.032-64.401 104.947-82.653V400H48z\"><\/path><\/svg><\/div><div class=\"jet-listing-dynamic-field__content\">dj.kulibin69@gmail.com<\/div><\/div><\/div>\t\t\t\t<\/div>\n\t\t\t\t<\/div>\n\t\t\t\t<div class=\"elementor-element elementor-element-4166b4a elementor-widget elementor-widget-jet-listing-dynamic-field\" data-id=\"4166b4a\" data-element_type=\"widget\" data-widget_type=\"jet-listing-dynamic-field.default\">\n\t\t\t\t<div class=\"elementor-widget-container\">\n\t\t\t\t\t<div class=\"jet-listing jet-listing-dynamic-field display-inline\"><div class=\"jet-listing-dynamic-field__inline-wrap\"><div class=\"jet-listing-dynamic-field__content\">Valoraci\u00f3n: 4 \u2b50\n<\/div><\/div><\/div>\t\t\t\t<\/div>\n\t\t\t\t<\/div>\n\t\t\t\t<div class=\"elementor-element elementor-element-7db320c elementor-widget elementor-widget-jet-listing-dynamic-field\" data-id=\"7db320c\" data-element_type=\"widget\" data-widget_type=\"jet-listing-dynamic-field.default\">\n\t\t\t\t<div class=\"elementor-widget-container\">\n\t\t\t\t\t<div class=\"jet-listing jet-listing-dynamic-field display-inline\"><div class=\"jet-listing-dynamic-field__inline-wrap\"><div class=\"jet-listing-dynamic-field__content\">Hace poco descubr\u00ed QuickFix y decid\u00ed probarlo.\r\nLa idea del contacto directo entre clientes y profesionales tiene mucho sentido.\r\nTodo es sencillo, sin agencias ni pasos innecesarios.\r\nA\u00fan tiene margen de crecimiento, pero el concepto es s\u00f3lido y \u00fatil.\r\nTengo curiosidad por ver c\u00f3mo evoluciona la plataforma.<\/div><\/div><\/div>\t\t\t\t<\/div>\n\t\t\t\t<\/div>\n\t\t\t\t\t<\/div>\n\t\t\t\t<\/div>\n\t\t\t\t<\/div>\n\t\t<\/div><div class=\"jet-listing-grid__item jet-listing-dynamic-post-15523\" data-post-id=\"15523\" >\t\t<div data-elementor-type=\"jet-listing-items\" data-elementor-id=\"14583\" class=\"elementor elementor-14583\" data-elementor-post-type=\"jet-engine\">\n\t\t\t\t<div class=\"elementor-element elementor-element-6f3930a e-flex e-con-boxed e-con e-parent\" data-id=\"6f3930a\" data-element_type=\"container\" data-settings=\"{&quot;background_background&quot;:&quot;classic&quot;}\">\n\t\t\t\t\t<div class=\"e-con-inner\">\n\t\t\t\t<div class=\"elementor-element elementor-element-a6314b3 elementor-widget elementor-widget-jet-listing-dynamic-field\" data-id=\"a6314b3\" data-element_type=\"widget\" data-widget_type=\"jet-listing-dynamic-field.default\">\n\t\t\t\t<div class=\"elementor-widget-container\">\n\t\t\t\t\t<div class=\"jet-listing jet-listing-dynamic-field display-inline\"><div class=\"jet-listing-dynamic-field__inline-wrap\"><h4 class=\"jet-listing-dynamic-field__content\">Martin<\/h4><\/div><\/div>\t\t\t\t<\/div>\n\t\t\t\t<\/div>\n\t\t\t\t<div class=\"elementor-element elementor-element-5eeab71 elementor-widget elementor-widget-jet-listing-dynamic-field\" data-id=\"5eeab71\" data-element_type=\"widget\" data-widget_type=\"jet-listing-dynamic-field.default\">\n\t\t\t\t<div class=\"elementor-widget-container\">\n\t\t\t\t\t<div class=\"jet-listing jet-listing-dynamic-field display-inline\"><div class=\"jet-listing-dynamic-field__inline-wrap\"><div class=\"jet-listing-dynamic-field__icon is-svg-icon\"><svg class=\"e-font-icon-svg e-far-envelope\" aria-hidden=\"true\" viewbox=\"0 0 512 512\" xmlns=\"http:\/\/www.w3.org\/2000\/svg\"><path d=\"M464 64H48C21.49 64 0 85.49 0 112v288c0 26.51 21.49 48 48 48h416c26.51 0 48-21.49 48-48V112c0-26.51-21.49-48-48-48zm0 48v40.805c-22.422 18.259-58.168 46.651-134.587 106.49-16.841 13.247-50.201 45.072-73.413 44.701-23.208.375-56.579-31.459-73.413-44.701C106.18 199.465 70.425 171.067 48 152.805V112h416zM48 400V214.398c22.914 18.251 55.409 43.862 104.938 82.646 21.857 17.205 60.134 55.186 103.062 54.955 42.717.231 80.509-37.199 103.053-54.947 49.528-38.783 82.032-64.401 104.947-82.653V400H48z\"><\/path><\/svg><\/div><div class=\"jet-listing-dynamic-field__content\">martinubert@proton.me<\/div><\/div><\/div>\t\t\t\t<\/div>\n\t\t\t\t<\/div>\n\t\t\t\t<div class=\"elementor-element elementor-element-4166b4a elementor-widget elementor-widget-jet-listing-dynamic-field\" data-id=\"4166b4a\" data-element_type=\"widget\" data-widget_type=\"jet-listing-dynamic-field.default\">\n\t\t\t\t<div class=\"elementor-widget-container\">\n\t\t\t\t\t<div class=\"jet-listing jet-listing-dynamic-field display-inline\"><div class=\"jet-listing-dynamic-field__inline-wrap\"><div class=\"jet-listing-dynamic-field__content\">Valoraci\u00f3n: 5 \u2b50\n<\/div><\/div><\/div>\t\t\t\t<\/div>\n\t\t\t\t<\/div>\n\t\t\t\t<div class=\"elementor-element elementor-element-7db320c elementor-widget elementor-widget-jet-listing-dynamic-field\" data-id=\"7db320c\" data-element_type=\"widget\" data-widget_type=\"jet-listing-dynamic-field.default\">\n\t\t\t\t<div class=\"elementor-widget-container\">\n\t\t\t\t\t<div class=\"jet-listing jet-listing-dynamic-field display-inline\"><div class=\"jet-listing-dynamic-field__inline-wrap\"><div class=\"jet-listing-dynamic-field__content\">Prob\u00e9 QuickFix para un peque\u00f1o trabajo en casa y la experiencia fue muy buena.\r\nPubliqu\u00e9 la solicitud y en poco tiempo varios profesionales me contactaron directamente.\r\nMe gust\u00f3 poder elegir con qui\u00e9n trabajar, sin llamadas ni intermediarios.\r\nLa plataforma es clara y f\u00e1cil de usar. Sin duda la volver\u00e9 a utilizar.<\/div><\/div><\/div>\t\t\t\t<\/div>\n\t\t\t\t<\/div>\n\t\t\t\t\t<\/div>\n\t\t\t\t<\/div>\n\t\t\t\t<\/div>\n\t\t<\/div><\/div><\/div>\t\t\t\t<\/div>\n\t\t\t\t<\/div>\n\t\t\t\t\t<\/div>\n\t\t\t\t<\/div>\n\t\t\t\t<\/div>","protected":false},"excerpt":{"rendered":"<p>Martin martinubert@proton.me Valoraci\u00f3n: \u00a1\u00a1\u00a15 \u2b50 Me mucho gusto!!!<\/p>","protected":false},"author":14,"featured_media":0,"parent":0,"menu_order":0,"comment_status":"closed","ping_status":"closed","template":"","meta":{"_jet_sm_ready_style":"","_jet_sm_style":"","_jet_sm_controls_values":"","_jet_sm_fonts_collection":"","_jet_sm_fonts_links":"","footnotes":""},"class_list":["post-14587","page","type-page","status-publish","hentry"],"yoast_head":"<!-- This site is optimized with the Yoast SEO plugin v26.0 - https:\/\/yoast.com\/wordpress\/plugins\/seo\/ -->\n<title>All Reviews -<\/title>\n<meta name=\"robots\" content=\"index, follow, max-snippet:-1, max-image-preview:large, max-video-preview:-1\" \/>\n<link rel=\"canonical\" href=\"https:\/\/youbehome.com\/es\/all-reviews\/\" \/>\n<meta property=\"og:locale\" content=\"es_ES\" \/>\n<meta property=\"og:type\" content=\"article\" \/>\n<meta property=\"og:title\" content=\"All Reviews -\" \/>\n<meta property=\"og:description\" content=\"Martin martinubert@proton.me Rating: 5 \u2b50 Me mucho gusto!!!\" \/>\n<meta property=\"og:url\" content=\"https:\/\/youbehome.com\/es\/all-reviews\/\" \/>\n<meta property=\"article:publisher\" content=\"https:\/\/www.facebook.com\/profile.php?id=61570187532952\" \/>\n<meta property=\"article:modified_time\" content=\"2025-11-26T14:45:45+00:00\" \/>\n<meta name=\"twitter:card\" content=\"summary_large_image\" \/>\n<meta name=\"twitter:label1\" content=\"Tiempo de lectura\" \/>\n\t<meta name=\"twitter:data1\" content=\"1 minuto\" \/>\n<script type=\"application\/ld+json\" class=\"yoast-schema-graph\">{\"@context\":\"https:\/\/schema.org\",\"@graph\":[{\"@type\":\"WebPage\",\"@id\":\"https:\/\/youbehome.com\/all-reviews\/\",\"url\":\"https:\/\/youbehome.com\/all-reviews\/\",\"name\":\"All Reviews -\",\"isPartOf\":{\"@id\":\"https:\/\/youbehome.com\/#website\"},\"datePublished\":\"2025-11-26T13:53:24+00:00\",\"dateModified\":\"2025-11-26T14:45:45+00:00\",\"breadcrumb\":{\"@id\":\"https:\/\/youbehome.com\/all-reviews\/#breadcrumb\"},\"inLanguage\":\"es\",\"potentialAction\":[{\"@type\":\"ReadAction\",\"target\":[\"https:\/\/youbehome.com\/all-reviews\/\"]}]},{\"@type\":\"BreadcrumbList\",\"@id\":\"https:\/\/youbehome.com\/all-reviews\/#breadcrumb\",\"itemListElement\":[{\"@type\":\"ListItem\",\"position\":1,\"name\":\"Home\",\"item\":\"https:\/\/youbehome.com\/\"},{\"@type\":\"ListItem\",\"position\":2,\"name\":\"All Reviews\"}]},{\"@type\":\"WebSite\",\"@id\":\"https:\/\/youbehome.com\/#website\",\"url\":\"https:\/\/youbehome.com\/\",\"name\":\"YouBeHome\",\"description\":\"\",\"publisher\":{\"@id\":\"https:\/\/youbehome.com\/#organization\"},\"potentialAction\":[{\"@type\":\"SearchAction\",\"target\":{\"@type\":\"EntryPoint\",\"urlTemplate\":\"https:\/\/youbehome.com\/?s={search_term_string}\"},\"query-input\":{\"@type\":\"PropertyValueSpecification\",\"valueRequired\":true,\"valueName\":\"search_term_string\"}}],\"inLanguage\":\"es\"},{\"@type\":\"Organization\",\"@id\":\"https:\/\/youbehome.com\/#organization\",\"name\":\"YouBeHome\",\"url\":\"https:\/\/youbehome.com\/\",\"logo\":{\"@type\":\"ImageObject\",\"inLanguage\":\"es\",\"@id\":\"https:\/\/youbehome.com\/#\/schema\/logo\/image\/\",\"url\":\"https:\/\/youbehome.com\/wp-content\/uploads\/2024\/12\/Logo.jpg\",\"contentUrl\":\"https:\/\/youbehome.com\/wp-content\/uploads\/2024\/12\/Logo.jpg\",\"width\":512,\"height\":512,\"caption\":\"YouBeHome\"},\"image\":{\"@id\":\"https:\/\/youbehome.com\/#\/schema\/logo\/image\/\"},\"sameAs\":[\"https:\/\/www.facebook.com\/profile.php?id=61570187532952\"]}]}<\/script>\n<!-- \/ Yoast SEO plugin. -->","yoast_head_json":{"title":"All Reviews -","robots":{"index":"index","follow":"follow","max-snippet":"max-snippet:-1","max-image-preview":"max-image-preview:large","max-video-preview":"max-video-preview:-1"},"canonical":"https:\/\/youbehome.com\/es\/all-reviews\/","og_locale":"es_ES","og_type":"article","og_title":"All Reviews -","og_description":"Martin martinubert@proton.me Rating: 5 \u2b50 Me mucho gusto!!!","og_url":"https:\/\/youbehome.com\/es\/all-reviews\/","article_publisher":"https:\/\/www.facebook.com\/profile.php?id=61570187532952","article_modified_time":"2025-11-26T14:45:45+00:00","twitter_card":"summary_large_image","twitter_misc":{"Tiempo de lectura":"1 minuto"},"schema":{"@context":"https:\/\/schema.org","@graph":[{"@type":"WebPage","@id":"https:\/\/youbehome.com\/all-reviews\/","url":"https:\/\/youbehome.com\/all-reviews\/","name":"All Reviews -","isPartOf":{"@id":"https:\/\/youbehome.com\/#website"},"datePublished":"2025-11-26T13:53:24+00:00","dateModified":"2025-11-26T14:45:45+00:00","breadcrumb":{"@id":"https:\/\/youbehome.com\/all-reviews\/#breadcrumb"},"inLanguage":"es","potentialAction":[{"@type":"ReadAction","target":["https:\/\/youbehome.com\/all-reviews\/"]}]},{"@type":"BreadcrumbList","@id":"https:\/\/youbehome.com\/all-reviews\/#breadcrumb","itemListElement":[{"@type":"ListItem","position":1,"name":"Home","item":"https:\/\/youbehome.com\/"},{"@type":"ListItem","position":2,"name":"All Reviews"}]},{"@type":"WebSite","@id":"https:\/\/youbehome.com\/#website","url":"https:\/\/youbehome.com\/","name":"YouBeHome","description":"","publisher":{"@id":"https:\/\/youbehome.com\/#organization"},"potentialAction":[{"@type":"SearchAction","target":{"@type":"EntryPoint","urlTemplate":"https:\/\/youbehome.com\/?s={search_term_string}"},"query-input":{"@type":"PropertyValueSpecification","valueRequired":true,"valueName":"search_term_string"}}],"inLanguage":"es"},{"@type":"Organization","@id":"https:\/\/youbehome.com\/#organization","name":"YouBeHome","url":"https:\/\/youbehome.com\/","logo":{"@type":"ImageObject","inLanguage":"es","@id":"https:\/\/youbehome.com\/#\/schema\/logo\/image\/","url":"https:\/\/youbehome.com\/wp-content\/uploads\/2024\/12\/Logo.jpg","contentUrl":"https:\/\/youbehome.com\/wp-content\/uploads\/2024\/12\/Logo.jpg","width":512,"height":512,"caption":"YouBeHome"},"image":{"@id":"https:\/\/youbehome.com\/#\/schema\/logo\/image\/"},"sameAs":["https:\/\/www.facebook.com\/profile.php?id=61570187532952"]}]}},"_links":{"self":[{"href":"https:\/\/youbehome.com\/es\/wp-json\/wp\/v2\/pages\/14587","targetHints":{"allow":["GET"]}}],"collection":[{"href":"https:\/\/youbehome.com\/es\/wp-json\/wp\/v2\/pages"}],"about":[{"href":"https:\/\/youbehome.com\/es\/wp-json\/wp\/v2\/types\/page"}],"author":[{"embeddable":true,"href":"https:\/\/youbehome.com\/es\/wp-json\/wp\/v2\/users\/14"}],"replies":[{"embeddable":true,"href":"https:\/\/youbehome.com\/es\/wp-json\/wp\/v2\/comments?post=14587"}],"version-history":[{"count":7,"href":"https:\/\/youbehome.com\/es\/wp-json\/wp\/v2\/pages\/14587\/revisions"}],"predecessor-version":[{"id":14603,"href":"https:\/\/youbehome.com\/es\/wp-json\/wp\/v2\/pages\/14587\/revisions\/14603"}],"wp:attachment":[{"href":"https:\/\/youbehome.com\/es\/wp-json\/wp\/v2\/media?parent=14587"}],"curies":[{"name":"wp","href":"https:\/\/api.w.org\/{rel}","templated":true}]}}