{"id":14619,"date":"2025-11-26T16:31:00","date_gmt":"2025-11-26T16:31:00","guid":{"rendered":"https:\/\/youbehome.com\/?page_id=14619"},"modified":"2025-11-26T16:34:28","modified_gmt":"2025-11-26T16:34:28","slug":"cookie-policy","status":"publish","type":"page","link":"https:\/\/youbehome.com\/es\/cookie-policy\/","title":{"rendered":"Pol\u00edtica de cookies"},"content":{"rendered":"<div data-elementor-type=\"wp-page\" data-elementor-id=\"14619\" class=\"elementor elementor-14619\" data-elementor-post-type=\"page\">\n\t\t\t\t<div class=\"elementor-element elementor-element-fedb899 e-flex e-con-boxed e-con e-parent\" data-id=\"fedb899\" data-element_type=\"container\">\n\t\t\t\t\t<div class=\"e-con-inner\">\n\t\t\t\t<div class=\"elementor-element elementor-element-51134b3 elementor-widget elementor-widget-text-editor\" data-id=\"51134b3\" data-element_type=\"widget\" data-widget_type=\"text-editor.default\">\n\t\t\t\t<div class=\"elementor-widget-container\">\n\t\t\t\t\t\t\t\t\t<h2 data-start=\"516\" data-end=\"536\"><strong data-start=\"519\" data-end=\"536\">Pol\u00edtica de cookies<\/strong><\/h2><p data-start=\"538\" data-end=\"723\">Este sitio web utiliza cookies para garantizar la mejor experiencia de usuario.<br data-start=\"599\" data-end=\"602\" \/>Las cookies son peque\u00f1os archivos de texto que se almacenan en su dispositivo y nos ayudan a mejorar la funcionalidad y el rendimiento del sitio web.<\/p><h3 data-start=\"725\" data-end=\"752\"><strong data-start=\"729\" data-end=\"752\">Qu\u00e9 cookies utilizamos<\/strong><\/h3><ul data-start=\"753\" data-end=\"982\"><li data-start=\"753\" data-end=\"816\"><p data-start=\"755\" data-end=\"816\">Cookies funcionales \u2014 necesarias para el funcionamiento b\u00e1sico del sitio.<\/p><\/li><li data-start=\"817\" data-end=\"897\"><p data-start=\"819\" data-end=\"897\">Cookies anal\u00edticas \u2014 nos ayudan a comprender c\u00f3mo los usuarios interact\u00faan con el sitio web.<\/p><\/li><li data-start=\"898\" data-end=\"982\"><p data-start=\"900\" data-end=\"982\">Cookies de terceros \u2014 pueden ser utilizadas por servicios integrados (por ejemplo, anal\u00edtica o publicidad).<\/p><\/li><\/ul><h3 data-start=\"984\" data-end=\"1018\"><strong data-start=\"988\" data-end=\"1018\">C\u00f3mo puede gestionar las cookies<\/strong><\/h3><p data-start=\"1019\" data-end=\"1090\">Puede gestionar o desactivar las cookies en la configuraci\u00f3n de su navegador en cualquier momento.<\/p><h3 data-start=\"1092\" data-end=\"1112\"><strong data-start=\"1096\" data-end=\"1112\">Su consentimiento<\/strong><\/h3><p data-start=\"1113\" data-end=\"1210\">Al continuar utilizando este sitio, usted acepta el uso de cookies de acuerdo con esta pol\u00edtica<\/p>\t\t\t\t\t\t\t\t<\/div>\n\t\t\t\t<\/div>\n\t\t\t\t\t<\/div>\n\t\t\t\t<\/div>\n\t\t\t\t<\/div>","protected":false},"excerpt":{"rendered":"<p>Pol\u00edtica de cookies Este sitio web utiliza cookies para garantizar la mejor experiencia al usuario.Las cookies son peque\u00f1os archivos de texto almacenados en su dispositivo que nos ayudan a mejorar la funcionalidad y el rendimiento del sitio web. Qu\u00e9 cookies utilizamos Cookies funcionales: necesarias para la funcionalidad b\u00e1sica del sitio. Cookies anal\u00edticas: nos ayudan a comprender c\u00f3mo interact\u00faan los usuarios con el sitio web. [...]<\/p>","protected":false},"author":14,"featured_media":0,"parent":0,"menu_order":0,"comment_status":"closed","ping_status":"closed","template":"","meta":{"_jet_sm_ready_style":"","_jet_sm_style":"","_jet_sm_controls_values":"","_jet_sm_fonts_collection":"","_jet_sm_fonts_links":"","footnotes":""},"class_list":["post-14619","page","type-page","status-publish","hentry"],"yoast_head":"<!-- This site is optimized with the Yoast SEO plugin v26.0 - https:\/\/yoast.com\/wordpress\/plugins\/seo\/ -->\n<title>Cookie Policy -<\/title>\n<meta name=\"robots\" content=\"index, follow, max-snippet:-1, max-image-preview:large, max-video-preview:-1\" \/>\n<link rel=\"canonical\" href=\"https:\/\/youbehome.com\/es\/cookie-policy\/\" \/>\n<meta property=\"og:locale\" content=\"es_ES\" \/>\n<meta property=\"og:type\" content=\"article\" \/>\n<meta property=\"og:title\" content=\"Cookie Policy -\" \/>\n<meta property=\"og:description\" content=\"Cookie Policy This website uses cookies to ensure the best user experience.Cookies are small text files stored on your device that help us improve the functionality and performance of the website. What cookies we use Functional cookies \u2014 required for basic site functionality. Analytical cookies \u2014 help us understand how users interact with the website. [&hellip;]\" \/>\n<meta property=\"og:url\" content=\"https:\/\/youbehome.com\/es\/cookie-policy\/\" \/>\n<meta property=\"article:publisher\" content=\"https:\/\/www.facebook.com\/profile.php?id=61570187532952\" \/>\n<meta property=\"article:modified_time\" content=\"2025-11-26T16:34:28+00:00\" \/>\n<meta name=\"twitter:card\" content=\"summary_large_image\" \/>\n<meta name=\"twitter:label1\" content=\"Tiempo de lectura\" \/>\n\t<meta name=\"twitter:data1\" content=\"1 minuto\" \/>\n<script type=\"application\/ld+json\" class=\"yoast-schema-graph\">{\"@context\":\"https:\/\/schema.org\",\"@graph\":[{\"@type\":\"WebPage\",\"@id\":\"https:\/\/youbehome.com\/cookie-policy\/\",\"url\":\"https:\/\/youbehome.com\/cookie-policy\/\",\"name\":\"Cookie Policy -\",\"isPartOf\":{\"@id\":\"https:\/\/youbehome.com\/#website\"},\"datePublished\":\"2025-11-26T16:31:00+00:00\",\"dateModified\":\"2025-11-26T16:34:28+00:00\",\"breadcrumb\":{\"@id\":\"https:\/\/youbehome.com\/cookie-policy\/#breadcrumb\"},\"inLanguage\":\"es\",\"potentialAction\":[{\"@type\":\"ReadAction\",\"target\":[\"https:\/\/youbehome.com\/cookie-policy\/\"]}]},{\"@type\":\"BreadcrumbList\",\"@id\":\"https:\/\/youbehome.com\/cookie-policy\/#breadcrumb\",\"itemListElement\":[{\"@type\":\"ListItem\",\"position\":1,\"name\":\"Home\",\"item\":\"https:\/\/youbehome.com\/\"},{\"@type\":\"ListItem\",\"position\":2,\"name\":\"Cookie Policy\"}]},{\"@type\":\"WebSite\",\"@id\":\"https:\/\/youbehome.com\/#website\",\"url\":\"https:\/\/youbehome.com\/\",\"name\":\"YouBeHome\",\"description\":\"\",\"publisher\":{\"@id\":\"https:\/\/youbehome.com\/#organization\"},\"potentialAction\":[{\"@type\":\"SearchAction\",\"target\":{\"@type\":\"EntryPoint\",\"urlTemplate\":\"https:\/\/youbehome.com\/?s={search_term_string}\"},\"query-input\":{\"@type\":\"PropertyValueSpecification\",\"valueRequired\":true,\"valueName\":\"search_term_string\"}}],\"inLanguage\":\"es\"},{\"@type\":\"Organization\",\"@id\":\"https:\/\/youbehome.com\/#organization\",\"name\":\"YouBeHome\",\"url\":\"https:\/\/youbehome.com\/\",\"logo\":{\"@type\":\"ImageObject\",\"inLanguage\":\"es\",\"@id\":\"https:\/\/youbehome.com\/#\/schema\/logo\/image\/\",\"url\":\"https:\/\/youbehome.com\/wp-content\/uploads\/2024\/12\/Logo.jpg\",\"contentUrl\":\"https:\/\/youbehome.com\/wp-content\/uploads\/2024\/12\/Logo.jpg\",\"width\":512,\"height\":512,\"caption\":\"YouBeHome\"},\"image\":{\"@id\":\"https:\/\/youbehome.com\/#\/schema\/logo\/image\/\"},\"sameAs\":[\"https:\/\/www.facebook.com\/profile.php?id=61570187532952\"]}]}<\/script>\n<!-- \/ Yoast SEO plugin. -->","yoast_head_json":{"title":"Cookie Policy -","robots":{"index":"index","follow":"follow","max-snippet":"max-snippet:-1","max-image-preview":"max-image-preview:large","max-video-preview":"max-video-preview:-1"},"canonical":"https:\/\/youbehome.com\/es\/cookie-policy\/","og_locale":"es_ES","og_type":"article","og_title":"Cookie Policy -","og_description":"Cookie Policy This website uses cookies to ensure the best user experience.Cookies are small text files stored on your device that help us improve the functionality and performance of the website. What cookies we use Functional cookies \u2014 required for basic site functionality. Analytical cookies \u2014 help us understand how users interact with the website. [&hellip;]","og_url":"https:\/\/youbehome.com\/es\/cookie-policy\/","article_publisher":"https:\/\/www.facebook.com\/profile.php?id=61570187532952","article_modified_time":"2025-11-26T16:34:28+00:00","twitter_card":"summary_large_image","twitter_misc":{"Tiempo de lectura":"1 minuto"},"schema":{"@context":"https:\/\/schema.org","@graph":[{"@type":"WebPage","@id":"https:\/\/youbehome.com\/cookie-policy\/","url":"https:\/\/youbehome.com\/cookie-policy\/","name":"Cookie Policy -","isPartOf":{"@id":"https:\/\/youbehome.com\/#website"},"datePublished":"2025-11-26T16:31:00+00:00","dateModified":"2025-11-26T16:34:28+00:00","breadcrumb":{"@id":"https:\/\/youbehome.com\/cookie-policy\/#breadcrumb"},"inLanguage":"es","potentialAction":[{"@type":"ReadAction","target":["https:\/\/youbehome.com\/cookie-policy\/"]}]},{"@type":"BreadcrumbList","@id":"https:\/\/youbehome.com\/cookie-policy\/#breadcrumb","itemListElement":[{"@type":"ListItem","position":1,"name":"Home","item":"https:\/\/youbehome.com\/"},{"@type":"ListItem","position":2,"name":"Cookie Policy"}]},{"@type":"WebSite","@id":"https:\/\/youbehome.com\/#website","url":"https:\/\/youbehome.com\/","name":"YouBeHome","description":"","publisher":{"@id":"https:\/\/youbehome.com\/#organization"},"potentialAction":[{"@type":"SearchAction","target":{"@type":"EntryPoint","urlTemplate":"https:\/\/youbehome.com\/?s={search_term_string}"},"query-input":{"@type":"PropertyValueSpecification","valueRequired":true,"valueName":"search_term_string"}}],"inLanguage":"es"},{"@type":"Organization","@id":"https:\/\/youbehome.com\/#organization","name":"YouBeHome","url":"https:\/\/youbehome.com\/","logo":{"@type":"ImageObject","inLanguage":"es","@id":"https:\/\/youbehome.com\/#\/schema\/logo\/image\/","url":"https:\/\/youbehome.com\/wp-content\/uploads\/2024\/12\/Logo.jpg","contentUrl":"https:\/\/youbehome.com\/wp-content\/uploads\/2024\/12\/Logo.jpg","width":512,"height":512,"caption":"YouBeHome"},"image":{"@id":"https:\/\/youbehome.com\/#\/schema\/logo\/image\/"},"sameAs":["https:\/\/www.facebook.com\/profile.php?id=61570187532952"]}]}},"_links":{"self":[{"href":"https:\/\/youbehome.com\/es\/wp-json\/wp\/v2\/pages\/14619","targetHints":{"allow":["GET"]}}],"collection":[{"href":"https:\/\/youbehome.com\/es\/wp-json\/wp\/v2\/pages"}],"about":[{"href":"https:\/\/youbehome.com\/es\/wp-json\/wp\/v2\/types\/page"}],"author":[{"embeddable":true,"href":"https:\/\/youbehome.com\/es\/wp-json\/wp\/v2\/users\/14"}],"replies":[{"embeddable":true,"href":"https:\/\/youbehome.com\/es\/wp-json\/wp\/v2\/comments?post=14619"}],"version-history":[{"count":4,"href":"https:\/\/youbehome.com\/es\/wp-json\/wp\/v2\/pages\/14619\/revisions"}],"predecessor-version":[{"id":14624,"href":"https:\/\/youbehome.com\/es\/wp-json\/wp\/v2\/pages\/14619\/revisions\/14624"}],"wp:attachment":[{"href":"https:\/\/youbehome.com\/es\/wp-json\/wp\/v2\/media?parent=14619"}],"curies":[{"name":"wp","href":"https:\/\/api.w.org\/{rel}","templated":true}]}}