{"id":14626,"date":"2025-11-26T16:49:34","date_gmt":"2025-11-26T16:49:34","guid":{"rendered":"https:\/\/youbehome.com\/?page_id=14626"},"modified":"2025-11-26T17:03:02","modified_gmt":"2025-11-26T17:03:02","slug":"privacy-policy","status":"publish","type":"page","link":"https:\/\/youbehome.com\/es\/privacy-policy\/","title":{"rendered":"Pol\u00edtica de privacidad"},"content":{"rendered":"<div data-elementor-type=\"wp-page\" data-elementor-id=\"14626\" class=\"elementor elementor-14626\" data-elementor-post-type=\"page\">\n\t\t\t\t<div class=\"elementor-element elementor-element-f6f989c e-flex e-con-boxed e-con e-parent\" data-id=\"f6f989c\" data-element_type=\"container\" data-settings=\"{&quot;background_background&quot;:&quot;classic&quot;}\">\n\t\t\t\t\t<div class=\"e-con-inner\">\n\t\t\t\t<div class=\"elementor-element elementor-element-7fbab91 elementor-widget elementor-widget-text-editor\" data-id=\"7fbab91\" data-element_type=\"widget\" data-widget_type=\"text-editor.default\">\n\t\t\t\t<div class=\"elementor-widget-container\">\n\t\t\t\t\t\t\t\t\t<h1 data-start=\"549\" data-end=\"569\"><strong data-start=\"551\" data-end=\"569\">Pol\u00edtica de privacidad<\/strong><\/h1><p data-start=\"571\" data-end=\"694\">\u2192 Esta Pol\u00edtica de Privacidad describe c\u00f3mo recopilamos, utilizamos, almacenamos y protegemos sus datos personales cuando utiliza la plataforma QuickFix.<\/p><h2 data-start=\"696\" data-end=\"728\"><strong data-start=\"699\" data-end=\"728\">1. Informaci\u00f3n que recopilamos<\/strong><\/h2><p data-start=\"730\" data-end=\"776\">Recopilamos los siguientes tipos de informaci\u00f3n:<\/p><h3 data-start=\"778\" data-end=\"820\"><strong data-start=\"782\" data-end=\"820\">1.1. Informaci\u00f3n proporcionada por los usuarios<\/strong><\/h3><ul data-start=\"821\" data-end=\"977\"><li data-start=\"821\" data-end=\"841\"><p data-start=\"823\" data-end=\"841\">Nombre y apellidos<\/p><\/li><li data-start=\"842\" data-end=\"859\"><p data-start=\"844\" data-end=\"859\">Direcci\u00f3n de correo electr\u00f3nico<\/p><\/li><li data-start=\"860\" data-end=\"876\"><p data-start=\"862\" data-end=\"876\">N\u00famero de tel\u00e9fono<\/p><\/li><li data-start=\"877\" data-end=\"906\"><p data-start=\"879\" data-end=\"906\">Ciudad y ubicaci\u00f3n del servicio<\/p><\/li><li data-start=\"907\" data-end=\"941\"><p data-start=\"909\" data-end=\"941\">Datos del perfil (para profesionales)<\/p><\/li><li data-start=\"942\" data-end=\"977\"><p data-start=\"944\" data-end=\"977\">Detalles de las solicitudes de trabajo (para clientes)<\/p><\/li><\/ul><h3 data-start=\"979\" data-end=\"1027\"><strong data-start=\"983\" data-end=\"1027\">1.2. Informaci\u00f3n recopilada autom\u00e1ticamente<\/strong><\/h3><ul data-start=\"1028\" data-end=\"1107\"><li data-start=\"1028\" data-end=\"1042\"><p data-start=\"1030\" data-end=\"1042\">Direcci\u00f3n IP<\/p><\/li><li data-start=\"1043\" data-end=\"1061\"><p data-start=\"1045\" data-end=\"1061\">Detalles del dispositivo<\/p><\/li><li data-start=\"1062\" data-end=\"1078\"><p data-start=\"1064\" data-end=\"1078\">Tipo de navegador<\/p><\/li><li data-start=\"1079\" data-end=\"1107\"><p data-start=\"1081\" data-end=\"1107\">Estad\u00edsticas de uso an\u00f3nimas<\/p><\/li><\/ul><h3 data-start=\"1109\" data-end=\"1140\"><strong data-start=\"1113\" data-end=\"1140\">1.3. Datos de comunicaci\u00f3n<\/strong><\/h3><ul data-start=\"1141\" data-end=\"1224\"><li data-start=\"1141\" data-end=\"1151\"><p data-start=\"1143\" data-end=\"1151\">Correos electr\u00f3nicos<\/p><\/li><li data-start=\"1152\" data-end=\"1169\"><p data-start=\"1154\" data-end=\"1169\">Notificaciones<\/p><\/li><li data-start=\"1170\" data-end=\"1196\"><p data-start=\"1172\" data-end=\"1196\">Notificaciones push web<\/p><\/li><li data-start=\"1197\" data-end=\"1224\"><p data-start=\"1199\" data-end=\"1224\">Mensajes SMS (si est\u00e1n habilitados)<\/p><\/li><\/ul><hr data-start=\"1226\" data-end=\"1229\" \/><h2 data-start=\"1231\" data-end=\"1268\"><strong data-start=\"1234\" data-end=\"1268\">2. C\u00f3mo utilizamos su informaci\u00f3n<\/strong><\/h2><p data-start=\"1269\" data-end=\"1289\">Utilizamos sus datos para:<\/p><ul data-start=\"1291\" data-end=\"1584\"><li data-start=\"1291\" data-end=\"1325\"><p data-start=\"1293\" data-end=\"1325\">Crear y gestionar su cuenta<\/p><\/li><li data-start=\"1326\" data-end=\"1372\"><p data-start=\"1328\" data-end=\"1372\">Publicar solicitudes de trabajo y perfiles de profesionales<\/p><\/li><li data-start=\"1373\" data-end=\"1407\"><p data-start=\"1375\" data-end=\"1407\">Notificar a los profesionales sobre nuevos trabajos<\/p><\/li><li data-start=\"1408\" data-end=\"1442\"><p data-start=\"1410\" data-end=\"1442\">Notificar a los clientes sobre las respuestas<\/p><\/li><li data-start=\"1443\" data-end=\"1509\"><p data-start=\"1445\" data-end=\"1509\">Procesar suscripciones (acceso de 24 h \/ semanal \/ mensual para profesionales)<\/p><\/li><li data-start=\"1510\" data-end=\"1544\"><p data-start=\"1512\" data-end=\"1544\">Mejorar la funcionalidad de la plataforma<\/p><\/li><li data-start=\"1545\" data-end=\"1584\"><p data-start=\"1547\" data-end=\"1584\">Prevenir fraudes y mantener la seguridad<\/p><\/li><\/ul><hr data-start=\"1586\" data-end=\"1589\" \/><h2 data-start=\"1591\" data-end=\"1625\"><strong data-start=\"1594\" data-end=\"1625\">3. Compartir su informaci\u00f3n<\/strong><\/h2><p data-start=\"1626\" data-end=\"1664\">No vendemos ni comercializamos sus datos. <strong data-start=\"1632\" data-end=\"1639\">not<\/strong> sell or trade your data.<\/p><p data-start=\"1666\" data-end=\"1704\">Podemos compartir informaci\u00f3n limitada con:<\/p><ul data-start=\"1706\" data-end=\"1876\"><li data-start=\"1706\" data-end=\"1743\"><p data-start=\"1708\" data-end=\"1743\"><strong data-start=\"1708\" data-end=\"1720\">WebPush<\/strong> (notificaciones push)<\/p><\/li><li data-start=\"1744\" data-end=\"1796\"><p data-start=\"1746\" data-end=\"1796\"><strong data-start=\"1746\" data-end=\"1794\">Proveedor de servicios de correo electr\u00f3nico (SMTP \/ WP Mail SMTP)<\/strong><\/p><\/li><li data-start=\"1797\" data-end=\"1838\"><p data-start=\"1799\" data-end=\"1838\"><strong data-start=\"1799\" data-end=\"1836\">Proveedor de SMS (Twilio, si est\u00e1 habilitado)<\/strong><\/p><\/li><li data-start=\"1839\" data-end=\"1876\"><p data-start=\"1841\" data-end=\"1876\"><strong data-start=\"1841\" data-end=\"1861\">Proveedor de SMS (Twilio, si est\u00e1 habilitado)<\/strong> (almacenamiento de datos)<\/p><\/li><\/ul><p data-start=\"1878\" data-end=\"1909\">Todos los proveedores cumplen con el RGPD.<\/p><hr data-start=\"1911\" data-end=\"1914\" \/><h2 data-start=\"1916\" data-end=\"1933\"><strong data-start=\"1919\" data-end=\"1933\">4. Cookies<\/strong><\/h2><p data-start=\"1934\" data-end=\"2097\">Utilizamos cookies t\u00e9cnicas y funcionales para garantizar un funcionamiento seguro y estable de la plataforma.<br data-start=\"2019\" data-end=\"2022\" \/>Consulte nuestra Pol\u00edtica de Cookies completa aqu\u00ed:<br data-start=\"2054\" data-end=\"2057\" \/><strong data-start=\"2057\" data-end=\"2097\"><a class=\"decorated-link cursor-pointer\" href=\"https:\/\/youbehome.com\/es\/cookie-policy\/\" target=\"_new\" rel=\"noopener\" data-start=\"2059\" data-end=\"2095\">https:\/\/youbehome.com\/cookie-policy\/<\/a><\/strong><\/p><hr data-start=\"2099\" data-end=\"2102\" \/><h2 data-start=\"2104\" data-end=\"2139\"><strong data-start=\"2107\" data-end=\"2139\">5. Almacenamiento y seguridad de los datos<\/strong><\/h2><p data-start=\"2140\" data-end=\"2200\">Sus datos se almacenan en servidores seguros ubicados en la UE\/EEE.<\/p><p data-start=\"2202\" data-end=\"2209\">Utilizamos:<\/p><ul data-start=\"2211\" data-end=\"2271\"><li data-start=\"2211\" data-end=\"2225\"><p data-start=\"2213\" data-end=\"2225\">Cifrado<\/p><\/li><li data-start=\"2226\" data-end=\"2245\"><p data-start=\"2228\" data-end=\"2245\">Controles de acceso<\/p><\/li><li data-start=\"2246\" data-end=\"2271\"><p data-start=\"2248\" data-end=\"2271\">Autenticaci\u00f3n segura<\/p><\/li><\/ul><p data-start=\"2273\" data-end=\"2301\">para proteger su informaci\u00f3n.<\/p><hr data-start=\"2303\" data-end=\"2306\" \/><h2 data-start=\"2308\" data-end=\"2340\"><strong data-start=\"2311\" data-end=\"2340\">6. Sus derechos seg\u00fan el RGPD<\/strong><\/h2><p data-start=\"2341\" data-end=\"2363\">Usted tiene derecho a:<\/p><ul data-start=\"2365\" data-end=\"2514\"><li data-start=\"2365\" data-end=\"2385\"><p data-start=\"2367\" data-end=\"2385\">Acceder a sus datos<\/p><\/li><li data-start=\"2386\" data-end=\"2407\"><p data-start=\"2388\" data-end=\"2407\">Rectificar sus datos<\/p><\/li><li data-start=\"2408\" data-end=\"2428\"><p data-start=\"2410\" data-end=\"2428\">Eliminar sus datos<\/p><\/li><li data-start=\"2429\" data-end=\"2452\"><p data-start=\"2431\" data-end=\"2452\">Restringir el tratamiento<\/p><\/li><li data-start=\"2453\" data-end=\"2473\"><p data-start=\"2455\" data-end=\"2473\">Retirar su consentimiento<\/p><\/li><li data-start=\"2474\" data-end=\"2514\"><p data-start=\"2476\" data-end=\"2514\">Solicitar la exportaci\u00f3n de datos (portabilidad de datos)<\/p><\/li><\/ul><p data-start=\"2516\" data-end=\"2580\">Para ejercer sus derechos, cont\u00e1ctenos en:<br data-start=\"2555\" data-end=\"2558\" \/><strong data-start=\"2558\" data-end=\"2580\"><a class=\"decorated-link cursor-pointer\" href=\"mailto:info@youbehome.com\" rel=\"noopener\" data-start=\"2560\" data-end=\"2578\">info@youbehome.com<\/a><\/strong><\/p><hr data-start=\"2582\" data-end=\"2585\" \/><h2 data-start=\"2587\" data-end=\"2611\"><strong data-start=\"2590\" data-end=\"2611\">7. Conservaci\u00f3n de datos<\/strong><\/h2><p data-start=\"2612\" data-end=\"2705\">Conservamos sus datos \u00fanicamente durante el tiempo necesario para prestar los servicios y cumplir con los requisitos legales.<\/p><hr data-start=\"2707\" data-end=\"2710\" \/><h2 data-start=\"2712\" data-end=\"2741\"><strong data-start=\"2715\" data-end=\"2741\">8. Informaci\u00f3n de contacto<\/strong><\/h2><p data-start=\"2743\" data-end=\"2803\">Si tiene preguntas sobre esta Pol\u00edtica de Privacidad, cont\u00e1ctenos:<\/p><p data-start=\"2805\" data-end=\"2873\"><strong data-start=\"2805\" data-end=\"2815\">Correo electr\u00f3nico:<\/strong> <a class=\"decorated-link cursor-pointer\" href=\"mailto:info@youbehome.com\" rel=\"noopener\" data-start=\"2816\" data-end=\"2834\">info@youbehome.com<\/a><br data-start=\"2834\" data-end=\"2837\" \/><strong data-start=\"2837\" data-end=\"2849\">P\u00e1gina web:<\/strong> <a class=\"decorated-link\" href=\"https:\/\/youbehome.com\/es\/\" target=\"_new\" rel=\"noopener\" data-start=\"2850\" data-end=\"2871\">https:\/\/youbehome.com<\/a><\/p>\t\t\t\t\t\t\t\t<\/div>\n\t\t\t\t<\/div>\n\t\t\t\t\t<\/div>\n\t\t\t\t<\/div>\n\t\t\t\t<\/div>","protected":false},"excerpt":{"rendered":"<p>Pol\u00edtica de privacidad Esta Pol\u00edtica de privacidad describe c\u00f3mo recogemos, utilizamos, almacenamos y protegemos sus datos personales cuando utiliza la plataforma QuickFix. 1. Informaci\u00f3n que recogemos Recogemos los siguientes tipos de informaci\u00f3n: 1.1. Informaci\u00f3n proporcionada por los usuarios Nombre y apellidos Direcci\u00f3n de correo electr\u00f3nico N\u00famero de tel\u00e9fono Ciudad y ubicaci\u00f3n del servicio Detalles del perfil (para manitas) Solicitud de trabajo [...]<\/p>","protected":false},"author":14,"featured_media":0,"parent":0,"menu_order":0,"comment_status":"closed","ping_status":"closed","template":"","meta":{"_jet_sm_ready_style":"","_jet_sm_style":"","_jet_sm_controls_values":"","_jet_sm_fonts_collection":"","_jet_sm_fonts_links":"","footnotes":""},"class_list":["post-14626","page","type-page","status-publish","hentry"],"yoast_head":"<!-- This site is optimized with the Yoast SEO plugin v26.0 - https:\/\/yoast.com\/wordpress\/plugins\/seo\/ -->\n<title>Privacy Policy -<\/title>\n<meta name=\"robots\" content=\"index, follow, max-snippet:-1, max-image-preview:large, max-video-preview:-1\" \/>\n<link rel=\"canonical\" href=\"https:\/\/youbehome.com\/es\/privacy-policy\/\" \/>\n<meta property=\"og:locale\" content=\"es_ES\" \/>\n<meta property=\"og:type\" content=\"article\" \/>\n<meta property=\"og:title\" content=\"Privacy Policy -\" \/>\n<meta property=\"og:description\" content=\"Privacy Policy This Privacy Policy describes how we collect, use, store and protect your personal data when you use the QuickFix platform. 1. Information we collect We collect the following types of information: 1.1. Information provided by users Name and surname Email address Phone number City and service location Profile details (for handymen) Job request [&hellip;]\" \/>\n<meta property=\"og:url\" content=\"https:\/\/youbehome.com\/es\/privacy-policy\/\" \/>\n<meta property=\"article:publisher\" content=\"https:\/\/www.facebook.com\/profile.php?id=61570187532952\" \/>\n<meta property=\"article:modified_time\" content=\"2025-11-26T17:03:02+00:00\" \/>\n<meta name=\"twitter:card\" content=\"summary_large_image\" \/>\n<meta name=\"twitter:label1\" content=\"Tiempo de lectura\" \/>\n\t<meta name=\"twitter:data1\" content=\"2 minutos\" \/>\n<script type=\"application\/ld+json\" class=\"yoast-schema-graph\">{\"@context\":\"https:\/\/schema.org\",\"@graph\":[{\"@type\":\"WebPage\",\"@id\":\"https:\/\/youbehome.com\/privacy-policy\/\",\"url\":\"https:\/\/youbehome.com\/privacy-policy\/\",\"name\":\"Privacy Policy -\",\"isPartOf\":{\"@id\":\"https:\/\/youbehome.com\/#website\"},\"datePublished\":\"2025-11-26T16:49:34+00:00\",\"dateModified\":\"2025-11-26T17:03:02+00:00\",\"breadcrumb\":{\"@id\":\"https:\/\/youbehome.com\/privacy-policy\/#breadcrumb\"},\"inLanguage\":\"es\",\"potentialAction\":[{\"@type\":\"ReadAction\",\"target\":[\"https:\/\/youbehome.com\/privacy-policy\/\"]}]},{\"@type\":\"BreadcrumbList\",\"@id\":\"https:\/\/youbehome.com\/privacy-policy\/#breadcrumb\",\"itemListElement\":[{\"@type\":\"ListItem\",\"position\":1,\"name\":\"Home\",\"item\":\"https:\/\/youbehome.com\/\"},{\"@type\":\"ListItem\",\"position\":2,\"name\":\"Privacy Policy\"}]},{\"@type\":\"WebSite\",\"@id\":\"https:\/\/youbehome.com\/#website\",\"url\":\"https:\/\/youbehome.com\/\",\"name\":\"YouBeHome\",\"description\":\"\",\"publisher\":{\"@id\":\"https:\/\/youbehome.com\/#organization\"},\"potentialAction\":[{\"@type\":\"SearchAction\",\"target\":{\"@type\":\"EntryPoint\",\"urlTemplate\":\"https:\/\/youbehome.com\/?s={search_term_string}\"},\"query-input\":{\"@type\":\"PropertyValueSpecification\",\"valueRequired\":true,\"valueName\":\"search_term_string\"}}],\"inLanguage\":\"es\"},{\"@type\":\"Organization\",\"@id\":\"https:\/\/youbehome.com\/#organization\",\"name\":\"YouBeHome\",\"url\":\"https:\/\/youbehome.com\/\",\"logo\":{\"@type\":\"ImageObject\",\"inLanguage\":\"es\",\"@id\":\"https:\/\/youbehome.com\/#\/schema\/logo\/image\/\",\"url\":\"https:\/\/youbehome.com\/wp-content\/uploads\/2024\/12\/Logo.jpg\",\"contentUrl\":\"https:\/\/youbehome.com\/wp-content\/uploads\/2024\/12\/Logo.jpg\",\"width\":512,\"height\":512,\"caption\":\"YouBeHome\"},\"image\":{\"@id\":\"https:\/\/youbehome.com\/#\/schema\/logo\/image\/\"},\"sameAs\":[\"https:\/\/www.facebook.com\/profile.php?id=61570187532952\"]}]}<\/script>\n<!-- \/ Yoast SEO plugin. -->","yoast_head_json":{"title":"Privacy Policy -","robots":{"index":"index","follow":"follow","max-snippet":"max-snippet:-1","max-image-preview":"max-image-preview:large","max-video-preview":"max-video-preview:-1"},"canonical":"https:\/\/youbehome.com\/es\/privacy-policy\/","og_locale":"es_ES","og_type":"article","og_title":"Privacy Policy -","og_description":"Privacy Policy This Privacy Policy describes how we collect, use, store and protect your personal data when you use the QuickFix platform. 1. Information we collect We collect the following types of information: 1.1. Information provided by users Name and surname Email address Phone number City and service location Profile details (for handymen) Job request [&hellip;]","og_url":"https:\/\/youbehome.com\/es\/privacy-policy\/","article_publisher":"https:\/\/www.facebook.com\/profile.php?id=61570187532952","article_modified_time":"2025-11-26T17:03:02+00:00","twitter_card":"summary_large_image","twitter_misc":{"Tiempo de lectura":"2 minutos"},"schema":{"@context":"https:\/\/schema.org","@graph":[{"@type":"WebPage","@id":"https:\/\/youbehome.com\/privacy-policy\/","url":"https:\/\/youbehome.com\/privacy-policy\/","name":"Privacy Policy -","isPartOf":{"@id":"https:\/\/youbehome.com\/#website"},"datePublished":"2025-11-26T16:49:34+00:00","dateModified":"2025-11-26T17:03:02+00:00","breadcrumb":{"@id":"https:\/\/youbehome.com\/privacy-policy\/#breadcrumb"},"inLanguage":"es","potentialAction":[{"@type":"ReadAction","target":["https:\/\/youbehome.com\/privacy-policy\/"]}]},{"@type":"BreadcrumbList","@id":"https:\/\/youbehome.com\/privacy-policy\/#breadcrumb","itemListElement":[{"@type":"ListItem","position":1,"name":"Home","item":"https:\/\/youbehome.com\/"},{"@type":"ListItem","position":2,"name":"Privacy Policy"}]},{"@type":"WebSite","@id":"https:\/\/youbehome.com\/#website","url":"https:\/\/youbehome.com\/","name":"YouBeHome","description":"","publisher":{"@id":"https:\/\/youbehome.com\/#organization"},"potentialAction":[{"@type":"SearchAction","target":{"@type":"EntryPoint","urlTemplate":"https:\/\/youbehome.com\/?s={search_term_string}"},"query-input":{"@type":"PropertyValueSpecification","valueRequired":true,"valueName":"search_term_string"}}],"inLanguage":"es"},{"@type":"Organization","@id":"https:\/\/youbehome.com\/#organization","name":"YouBeHome","url":"https:\/\/youbehome.com\/","logo":{"@type":"ImageObject","inLanguage":"es","@id":"https:\/\/youbehome.com\/#\/schema\/logo\/image\/","url":"https:\/\/youbehome.com\/wp-content\/uploads\/2024\/12\/Logo.jpg","contentUrl":"https:\/\/youbehome.com\/wp-content\/uploads\/2024\/12\/Logo.jpg","width":512,"height":512,"caption":"YouBeHome"},"image":{"@id":"https:\/\/youbehome.com\/#\/schema\/logo\/image\/"},"sameAs":["https:\/\/www.facebook.com\/profile.php?id=61570187532952"]}]}},"_links":{"self":[{"href":"https:\/\/youbehome.com\/es\/wp-json\/wp\/v2\/pages\/14626","targetHints":{"allow":["GET"]}}],"collection":[{"href":"https:\/\/youbehome.com\/es\/wp-json\/wp\/v2\/pages"}],"about":[{"href":"https:\/\/youbehome.com\/es\/wp-json\/wp\/v2\/types\/page"}],"author":[{"embeddable":true,"href":"https:\/\/youbehome.com\/es\/wp-json\/wp\/v2\/users\/14"}],"replies":[{"embeddable":true,"href":"https:\/\/youbehome.com\/es\/wp-json\/wp\/v2\/comments?post=14626"}],"version-history":[{"count":7,"href":"https:\/\/youbehome.com\/es\/wp-json\/wp\/v2\/pages\/14626\/revisions"}],"predecessor-version":[{"id":14634,"href":"https:\/\/youbehome.com\/es\/wp-json\/wp\/v2\/pages\/14626\/revisions\/14634"}],"wp:attachment":[{"href":"https:\/\/youbehome.com\/es\/wp-json\/wp\/v2\/media?parent=14626"}],"curies":[{"name":"wp","href":"https:\/\/api.w.org\/{rel}","templated":true}]}}