{"id":15895,"date":"2026-03-21T10:05:35","date_gmt":"2026-03-21T10:05:35","guid":{"rendered":"https:\/\/youbehome.com\/?page_id=15895"},"modified":"2026-03-21T11:00:55","modified_gmt":"2026-03-21T11:00:55","slug":"fontanero-en-alicante","status":"publish","type":"page","link":"https:\/\/youbehome.com\/ru\/fontanero-en-alicante\/","title":{"rendered":"\u0421\u0430\u043d\u0442\u0435\u0445\u043d\u0438\u043a \u0432 \u0410\u043b\u0438\u043a\u0430\u043d\u0442\u0435"},"content":{"rendered":"<div data-elementor-type=\"wp-page\" data-elementor-id=\"15895\" class=\"elementor elementor-15895\" data-elementor-post-type=\"page\">\n\t\t\t\t<div class=\"elementor-element elementor-element-0c367d8 e-flex e-con-boxed e-con e-parent\" data-id=\"0c367d8\" data-element_type=\"container\" data-settings=\"{&quot;background_background&quot;:&quot;classic&quot;}\">\n\t\t\t\t\t<div class=\"e-con-inner\">\n\t\t\t\t<div class=\"elementor-element elementor-element-e7b0db8 elementor-widget elementor-widget-heading\" data-id=\"e7b0db8\" data-element_type=\"widget\" data-widget_type=\"heading.default\">\n\t\t\t\t<div class=\"elementor-widget-container\">\n\t\t\t\t\t<h2 class=\"elementor-heading-title elementor-size-default\">\u0421\u0430\u043d\u0442\u0435\u0445\u043d\u0438\u043a \u0432 \u0410\u043b\u0438\u043a\u0430\u043d\u0442\u0435<\/h2>\t\t\t\t<\/div>\n\t\t\t\t<\/div>\n\t\t\t\t\t<\/div>\n\t\t\t\t<\/div>\n\t\t<div class=\"elementor-element elementor-element-b9086a6 e-flex e-con-boxed e-con e-parent\" data-id=\"b9086a6\" data-element_type=\"container\" data-settings=\"{&quot;background_background&quot;:&quot;classic&quot;}\">\n\t\t\t\t\t<div class=\"e-con-inner\">\n\t\t\t\t<div class=\"elementor-element elementor-element-d109e2e elementor-widget elementor-widget-text-editor\" data-id=\"d109e2e\" data-element_type=\"widget\" data-widget_type=\"text-editor.default\">\n\t\t\t\t<div class=\"elementor-widget-container\">\n\t\t\t\t\t\t\t\t\t<p>\u041d\u0443\u0436\u0435\u043d \u0441\u0440\u043e\u0447\u043d\u043e \u0441\u0430\u043d\u0442\u0435\u0445\u043d\u0438\u043a \u0432 \u0410\u043b\u0438\u043a\u0430\u043d\u0442\u0435?<\/p><p>\u041f\u0440\u043e\u0442\u0435\u043a\u0430\u0435\u0442 \u043a\u0440\u0430\u043d<br \/>\u041f\u0440\u043e\u0442\u0435\u0447\u043a\u0430 \u0442\u0440\u0443\u0431 , \u043f\u0440\u043e\u043a\u043b\u0430\u0434\u043e\u043a \u0438 \u043f\u0440\u043e\u0447\u0438\u0435 \u043f\u0440\u043e\u0442\u0435\u0447\u043a\u0438<br \/>\u041f\u0440\u043e\u0431\u043b\u0435\u043c\u044b \u0441 \u0443\u043d\u0438\u0442\u0430\u0437\u043e\u043c ( \u0437\u0430\u043c\u0435\u043d\u0438\u0442\u044c \u0438\u043b\u0438 \u0443\u0441\u0442\u0430\u043d\u043e\u044c\u0432\u0438\u0442\u044c)<br \/>\u0423\u0441\u0442\u0430\u043d\u043e\u0432\u043a\u0430 \u0443\u043c\u044b\u0432\u0430\u043b\u044c\u043d\u0438\u043a\u0430 \u0438 \u043c\u043e\u0439\u043a\u0438<br \/>\u0417\u0430\u043c\u0435\u043d\u0430  \u043f\u043e\u0434\u0434\u043e\u043d\u0430 \u0432 \u0434\u0443\u0448\u0435<br \/>\u0417\u0430\u043c\u0435\u043d\u0430 \u0434\u0443\u0448\u0435\u0432\u043e\u0439 \u043a\u0430\u0431\u0438\u043d\u044b<\/p><p>\u0411\u044b\u0441\u0442\u0440\u0430\u044f \u043f\u043e\u0447\u0438\u043d\u043a\u0430 \u043d\u0430 \u0434\u043e\u043c\u0443<\/p><p>\u041c\u043e\u0433\u0443 \u043f\u043e\u043c\u043e\u0447\u044c \u0441\u0435\u0433\u043e\u0434\u043d\u044f \u0438\u043b\u0438 \u0447\u0435\u0440\u0435\u0437 \u043d\u0435\u0441\u043a\u043e\u043b\u044c\u043a\u043e \u0447\u0430\u0441\u043e\u0432<\/p><p>\u0411\u044b\u0441\u0442\u0440\u044b\u0439 \u043e\u0442\u0432\u0435\u0442. \u0417\u0432\u043e\u043d\u043e\u043a \u0447\u0435\u0440\u0435\u0437 \u043d\u0435\u0441\u043a\u043e\u043b\u044c\u043a\u043e \u043c\u0438\u043d\u0443\u0442.<\/p>\t\t\t\t\t\t\t\t<\/div>\n\t\t\t\t<\/div>\n\t\t\t\t\t<\/div>\n\t\t\t\t<\/div>\n\t\t<div class=\"elementor-element elementor-element-fc7a3c7 e-flex e-con-boxed e-con e-parent\" data-id=\"fc7a3c7\" data-element_type=\"container\" data-settings=\"{&quot;background_background&quot;:&quot;classic&quot;}\">\n\t\t\t\t\t<div class=\"e-con-inner\">\n\t\t\t\t<div class=\"elementor-element elementor-element-e3735d9 elementor-widget elementor-widget-button\" data-id=\"e3735d9\" data-element_type=\"widget\" data-widget_type=\"button.default\">\n\t\t\t\t<div class=\"elementor-widget-container\">\n\t\t\t\t\t\t\t\t\t<div class=\"elementor-button-wrapper\">\n\t\t\t\t\t<a class=\"elementor-button elementor-button-link elementor-size-sm\" href=\"https:\/\/youbehome.com\/es\/client-registration\/\">\n\t\t\t\t\t\t<span class=\"elementor-button-content-wrapper\">\n\t\t\t\t\t\t\t\t\t<span class=\"elementor-button-text\">\u0412\u044b\u0437\u0432\u0430\u0442\u044c \u0441\u0430\u043d\u0442\u0435\u0445\u043d\u0438\u043a\u0430<\/span>\n\t\t\t\t\t<\/span>\n\t\t\t\t\t<\/a>\n\t\t\t\t<\/div>\n\t\t\t\t\t\t\t\t<\/div>\n\t\t\t\t<\/div>\n\t\t\t\t\t<\/div>\n\t\t\t\t<\/div>\n\t\t<div class=\"elementor-element elementor-element-5f203d0 e-flex e-con-boxed e-con e-parent\" data-id=\"5f203d0\" data-element_type=\"container\">\n\t\t\t\t\t<div class=\"e-con-inner\">\n\t\t\t\t\t<\/div>\n\t\t\t\t<\/div>\n\t\t\t\t<\/div>","protected":false},"excerpt":{"rendered":"<p>Fontanero en Alicante \u00bfNecesitas un fontanero en Alicante? \u2714 Grifo que gotea\u2714 Fugas de agua\u2714 Problemas con el WC (cisterna, atasco)\u2714 Instalaci\u00f3n de lavabo o inodoro\u2714 Cambio de plato de ducha\u2714 Instalaci\u00f3n de mampara Reparaciones r\u00e1pidas en casa. Puedo ayudarte hoy o en pocas horas. Respuesta r\u00e1pida. Te llamo en pocos minutos. Solicitar fontanero<\/p>","protected":false},"author":14,"featured_media":0,"parent":0,"menu_order":0,"comment_status":"closed","ping_status":"closed","template":"","meta":{"_jet_sm_ready_style":"","_jet_sm_style":"","_jet_sm_controls_values":"","_jet_sm_fonts_collection":"","_jet_sm_fonts_links":"","footnotes":""},"class_list":["post-15895","page","type-page","status-publish","hentry"],"yoast_head":"<!-- This site is optimized with the Yoast SEO plugin v26.0 - https:\/\/yoast.com\/wordpress\/plugins\/seo\/ -->\n<title>Fontanero en Alicante -<\/title>\n<meta name=\"robots\" content=\"index, follow, max-snippet:-1, max-image-preview:large, max-video-preview:-1\" \/>\n<link rel=\"canonical\" href=\"https:\/\/youbehome.com\/ru\/fontanero-en-alicante\/\" \/>\n<meta property=\"og:locale\" content=\"ru_RU\" \/>\n<meta property=\"og:type\" content=\"article\" \/>\n<meta property=\"og:title\" content=\"Fontanero en Alicante -\" \/>\n<meta property=\"og:description\" content=\"Fontanero en Alicante \u00bfNecesitas un fontanero en Alicante? \u2714 Grifo que gotea\u2714 Fugas de agua\u2714 Problemas con el WC (cisterna, atasco)\u2714 Instalaci\u00f3n de lavabo o inodoro\u2714 Cambio de plato de ducha\u2714 Instalaci\u00f3n de mampara Reparaciones r\u00e1pidas en casa. Puedo ayudarte hoy o en pocas horas. Respuesta r\u00e1pida. Te llamo en pocos minutos. Solicitar fontanero\" \/>\n<meta property=\"og:url\" content=\"https:\/\/youbehome.com\/ru\/fontanero-en-alicante\/\" \/>\n<meta property=\"article:publisher\" content=\"https:\/\/www.facebook.com\/profile.php?id=61570187532952\" \/>\n<meta property=\"article:modified_time\" content=\"2026-03-21T11:00:55+00:00\" \/>\n<meta name=\"twitter:card\" content=\"summary_large_image\" \/>\n<meta name=\"twitter:label1\" content=\"\u041f\u0440\u0438\u043c\u0435\u0440\u043d\u043e\u0435 \u0432\u0440\u0435\u043c\u044f \u0434\u043b\u044f \u0447\u0442\u0435\u043d\u0438\u044f\" \/>\n\t<meta name=\"twitter:data1\" content=\"2 \u043c\u0438\u043d\u0443\u0442\u044b\" \/>\n<script type=\"application\/ld+json\" class=\"yoast-schema-graph\">{\"@context\":\"https:\/\/schema.org\",\"@graph\":[{\"@type\":\"WebPage\",\"@id\":\"https:\/\/youbehome.com\/fontanero-en-alicante\/\",\"url\":\"https:\/\/youbehome.com\/fontanero-en-alicante\/\",\"name\":\"Fontanero en Alicante -\",\"isPartOf\":{\"@id\":\"https:\/\/youbehome.com\/#website\"},\"datePublished\":\"2026-03-21T10:05:35+00:00\",\"dateModified\":\"2026-03-21T11:00:55+00:00\",\"breadcrumb\":{\"@id\":\"https:\/\/youbehome.com\/fontanero-en-alicante\/#breadcrumb\"},\"inLanguage\":\"ru-RU\",\"potentialAction\":[{\"@type\":\"ReadAction\",\"target\":[\"https:\/\/youbehome.com\/fontanero-en-alicante\/\"]}]},{\"@type\":\"BreadcrumbList\",\"@id\":\"https:\/\/youbehome.com\/fontanero-en-alicante\/#breadcrumb\",\"itemListElement\":[{\"@type\":\"ListItem\",\"position\":1,\"name\":\"Home\",\"item\":\"https:\/\/youbehome.com\/\"},{\"@type\":\"ListItem\",\"position\":2,\"name\":\"Fontanero en Alicante\"}]},{\"@type\":\"WebSite\",\"@id\":\"https:\/\/youbehome.com\/#website\",\"url\":\"https:\/\/youbehome.com\/\",\"name\":\"YouBeHome\",\"description\":\"\",\"publisher\":{\"@id\":\"https:\/\/youbehome.com\/#organization\"},\"potentialAction\":[{\"@type\":\"SearchAction\",\"target\":{\"@type\":\"EntryPoint\",\"urlTemplate\":\"https:\/\/youbehome.com\/?s={search_term_string}\"},\"query-input\":{\"@type\":\"PropertyValueSpecification\",\"valueRequired\":true,\"valueName\":\"search_term_string\"}}],\"inLanguage\":\"ru-RU\"},{\"@type\":\"Organization\",\"@id\":\"https:\/\/youbehome.com\/#organization\",\"name\":\"YouBeHome\",\"url\":\"https:\/\/youbehome.com\/\",\"logo\":{\"@type\":\"ImageObject\",\"inLanguage\":\"ru-RU\",\"@id\":\"https:\/\/youbehome.com\/#\/schema\/logo\/image\/\",\"url\":\"https:\/\/youbehome.com\/wp-content\/uploads\/2024\/12\/Logo.jpg\",\"contentUrl\":\"https:\/\/youbehome.com\/wp-content\/uploads\/2024\/12\/Logo.jpg\",\"width\":512,\"height\":512,\"caption\":\"YouBeHome\"},\"image\":{\"@id\":\"https:\/\/youbehome.com\/#\/schema\/logo\/image\/\"},\"sameAs\":[\"https:\/\/www.facebook.com\/profile.php?id=61570187532952\"]}]}<\/script>\n<!-- \/ Yoast SEO plugin. -->","yoast_head_json":{"title":"Fontanero en Alicante -","robots":{"index":"index","follow":"follow","max-snippet":"max-snippet:-1","max-image-preview":"max-image-preview:large","max-video-preview":"max-video-preview:-1"},"canonical":"https:\/\/youbehome.com\/ru\/fontanero-en-alicante\/","og_locale":"ru_RU","og_type":"article","og_title":"Fontanero en Alicante -","og_description":"Fontanero en Alicante \u00bfNecesitas un fontanero en Alicante? \u2714 Grifo que gotea\u2714 Fugas de agua\u2714 Problemas con el WC (cisterna, atasco)\u2714 Instalaci\u00f3n de lavabo o inodoro\u2714 Cambio de plato de ducha\u2714 Instalaci\u00f3n de mampara Reparaciones r\u00e1pidas en casa. Puedo ayudarte hoy o en pocas horas. Respuesta r\u00e1pida. Te llamo en pocos minutos. Solicitar fontanero","og_url":"https:\/\/youbehome.com\/ru\/fontanero-en-alicante\/","article_publisher":"https:\/\/www.facebook.com\/profile.php?id=61570187532952","article_modified_time":"2026-03-21T11:00:55+00:00","twitter_card":"summary_large_image","twitter_misc":{"\u041f\u0440\u0438\u043c\u0435\u0440\u043d\u043e\u0435 \u0432\u0440\u0435\u043c\u044f \u0434\u043b\u044f \u0447\u0442\u0435\u043d\u0438\u044f":"2 \u043c\u0438\u043d\u0443\u0442\u044b"},"schema":{"@context":"https:\/\/schema.org","@graph":[{"@type":"WebPage","@id":"https:\/\/youbehome.com\/fontanero-en-alicante\/","url":"https:\/\/youbehome.com\/fontanero-en-alicante\/","name":"Fontanero en Alicante -","isPartOf":{"@id":"https:\/\/youbehome.com\/#website"},"datePublished":"2026-03-21T10:05:35+00:00","dateModified":"2026-03-21T11:00:55+00:00","breadcrumb":{"@id":"https:\/\/youbehome.com\/fontanero-en-alicante\/#breadcrumb"},"inLanguage":"ru-RU","potentialAction":[{"@type":"ReadAction","target":["https:\/\/youbehome.com\/fontanero-en-alicante\/"]}]},{"@type":"BreadcrumbList","@id":"https:\/\/youbehome.com\/fontanero-en-alicante\/#breadcrumb","itemListElement":[{"@type":"ListItem","position":1,"name":"Home","item":"https:\/\/youbehome.com\/"},{"@type":"ListItem","position":2,"name":"Fontanero en Alicante"}]},{"@type":"WebSite","@id":"https:\/\/youbehome.com\/#website","url":"https:\/\/youbehome.com\/","name":"YouBeHome","description":"","publisher":{"@id":"https:\/\/youbehome.com\/#organization"},"potentialAction":[{"@type":"SearchAction","target":{"@type":"EntryPoint","urlTemplate":"https:\/\/youbehome.com\/?s={search_term_string}"},"query-input":{"@type":"PropertyValueSpecification","valueRequired":true,"valueName":"search_term_string"}}],"inLanguage":"ru-RU"},{"@type":"Organization","@id":"https:\/\/youbehome.com\/#organization","name":"YouBeHome","url":"https:\/\/youbehome.com\/","logo":{"@type":"ImageObject","inLanguage":"ru-RU","@id":"https:\/\/youbehome.com\/#\/schema\/logo\/image\/","url":"https:\/\/youbehome.com\/wp-content\/uploads\/2024\/12\/Logo.jpg","contentUrl":"https:\/\/youbehome.com\/wp-content\/uploads\/2024\/12\/Logo.jpg","width":512,"height":512,"caption":"YouBeHome"},"image":{"@id":"https:\/\/youbehome.com\/#\/schema\/logo\/image\/"},"sameAs":["https:\/\/www.facebook.com\/profile.php?id=61570187532952"]}]}},"_links":{"self":[{"href":"https:\/\/youbehome.com\/ru\/wp-json\/wp\/v2\/pages\/15895","targetHints":{"allow":["GET"]}}],"collection":[{"href":"https:\/\/youbehome.com\/ru\/wp-json\/wp\/v2\/pages"}],"about":[{"href":"https:\/\/youbehome.com\/ru\/wp-json\/wp\/v2\/types\/page"}],"author":[{"embeddable":true,"href":"https:\/\/youbehome.com\/ru\/wp-json\/wp\/v2\/users\/14"}],"replies":[{"embeddable":true,"href":"https:\/\/youbehome.com\/ru\/wp-json\/wp\/v2\/comments?post=15895"}],"version-history":[{"count":25,"href":"https:\/\/youbehome.com\/ru\/wp-json\/wp\/v2\/pages\/15895\/revisions"}],"predecessor-version":[{"id":15924,"href":"https:\/\/youbehome.com\/ru\/wp-json\/wp\/v2\/pages\/15895\/revisions\/15924"}],"wp:attachment":[{"href":"https:\/\/youbehome.com\/ru\/wp-json\/wp\/v2\/media?parent=15895"}],"curies":[{"name":"wp","href":"https:\/\/api.w.org\/{rel}","templated":true}]}}